{"id":43,"date":"2014-02-04T15:09:35","date_gmt":"2014-02-04T13:09:35","guid":{"rendered":"http:\/\/www.tu-chemnitz.de\/wirtschaft\/summerschool\/?page_id=43"},"modified":"2025-06-23T14:41:41","modified_gmt":"2025-06-23T12:41:41","slug":"contact","status":"publish","type":"page","link":"https:\/\/www.tu-chemnitz.de\/wirtschaft\/summerschool\/?page_id=43","title":{"rendered":"Contact\/Alumni"},"content":{"rendered":"<p>&nbsp;<\/p>\n<p>&nbsp;<\/p>\n<h2>Technische Universit\u00e4t Chemnitz<\/h2>\n<div style=\"display: inline-block; margin: 10px;\"><b>Dr. Anja Hermann-Fankh\u00e4nel<\/b><br \/>\nE-Mail: <a href=\"mailto:anja.hermann-fankhaenel@wirtschaft.tu-chemnitz.de\">anja.hermann-fankhaenel@wirtschaft.tu-chemnitz.de<\/a><br \/>\nWeb: <a href=\"https:\/\/www.tu-chemnitz.de\/wirtschaft\/bwl9\/mitarbeiter_details.php?id=39\">Mrs Anja Hermann-Fankh\u00e4nel at TUC<\/a><br \/>\n<b>Diana Heinbucher<\/b><br \/>\nE-Mail: diana.heinbucher@wiwi.tu-chemnitz.de<br \/>\nWeb: <a href=\"https:\/\/www.tu-chemnitz.de\/wirtschaft\/bwl9\/mitarbeiter_details.php?id=43\" target=\"_blank\" rel=\"noopener\">Mrs Diana Heinbucher at TUC<\/a><\/div>\n<div style=\"display: inline-block; margin: 10px;\"><\/div>\n<div style=\"display: inline-block; margin: 10px;\"><\/div>\n<div style=\"display: inline-block; margin: 10px;\"><\/div>\n<div style=\"display: inline-block; margin: 10px;\"><\/div>\n<div style=\"display: inline-block; margin: 10px;\"><\/div>\n<div style=\"display: inline-block; margin: 10px;\"><\/div>\n<h2>University of Kwazulu-Natal<\/h2>\n<div style=\"display: inline-block; margin: 10px;\"><strong>Mr Taahir Vajeth<\/strong><br \/>\nPhone: +27 31 260 7575 \/7002<br \/>\nFax: +27 (031) 2607201<br \/>\nOffice: Room M1-316 M Block, Durban<br \/>\nE-Mail: <a href=\"mailto:vajetht@ukzn.ac.za\">vajetht@ukzn.ac.za<\/a><br \/>\nWeb: <a href=\"http:\/\/smitg.ukzn.ac.za\/SchoolLeadershipAndStaff\/AcademicLeaders.aspx\">Mr Taahir Vajeth at UKZN<\/a><\/div>\n<div style=\"display: inline-block; margin: 10px;\"><\/div>\n<div style=\"display: inline-block; margin: 10px;\"><\/div>\n<div style=\"display: inline-block; margin: 10px;\"><\/div>\n<div style=\"display: inline-block; margin: 10px;\"><\/div>\n<div style=\"display: inline-block; margin: 10px;\"><\/div>\n<div style=\"display: inline-block; margin: 10px;\"><\/div>\n<div style=\"display: inline-block; margin: 10px;\"><\/div>\n<div style=\"display: inline-block; margin: 10px;\"><\/div>\n<div style=\"display: inline-block; margin: 10px;\"><\/div>\n<div style=\"display: inline-block; margin: 10px;\"><\/div>\n<div style=\"display: inline-block; margin: 10px;\"><\/div>\n<div style=\"display: inline-block; margin: 10px;\"><\/div>\n<div style=\"display: inline-block; margin: 10px;\"><\/div>\n<div style=\"display: inline-block; margin: 10px;\"><\/div>\n<div style=\"display: inline-block; margin: 10px;\"><\/div>\n<h2>University of the Witwatersrand<\/h2>\n<div style=\"display: inline-block; margin: 10px;\"><strong>Prof. David Coldwell<\/strong><br \/>\nPhone: +27 11 717 8077<br \/>\nOffice: NCB134, 1 Jan Smuts Avenue,<br \/>\nBraamfontein 2000, Johannesburg<br \/>\nE-Mail: <a href=\"mailto:david.coldwell@wits.ac.za\">david.coldwell@wits.ac.za<\/a><br \/>\nWeb: <a href=\"http:\/\/www.wits.ac.za\/academic\/clm\/sebs\/14637\/home.html\">School of Economic &amp; Business Sciences at Wits<\/a><\/div>\n<div style=\"display: inline-block; margin: 10px;\"><\/div>\n<div style=\"display: inline-block; margin: 10px;\"><\/div>\n<div style=\"display: inline-block; margin: 10px;\"><\/div>\n<div style=\"display: inline-block; margin: 10px;\"><\/div>\n<div style=\"display: inline-block; margin: 10px;\"><\/div>\n<div style=\"display: inline-block; margin: 10px;\"><\/div>\n<div style=\"display: inline-block; margin: 10px;\"><\/div>\n<div style=\"display: inline-block; margin: 10px;\"><\/div>\n<div style=\"display: inline-block; margin: 10px;\"><\/div>\n<div><\/div>\n<div style=\"display: inline-block; margin: 10px;\"><strong>Ms Althea Jansen<\/strong><br \/>\nPhone: +27 11 717 8089<br \/>\nOffice: School of Economic and Business Sciences<br \/>\nPrivate Bag x3, Wits<br \/>\n2050 Johannesburg<br \/>\nE-Mail: <a href=\"mailto:Althea.Jansen@wits.ac.za\">Althea.Jansen@wits.ac.za<\/a><br \/>\nWeb: <a href=\"http:\/\/www.wits.ac.za\/academic\/clm\/sebs\/14637\/home.html\">School of Economic &amp; Business Sciences at Wits<\/a><\/div>\n<h2>Alumni<\/h2>\n<p>You&#8217;re an alumni of one of our AAE Schools? Join our <a href=\"https:\/\/www.linkedin.com\/uas\/login?session_redirect=https%3A%2F%2Fwww.linkedin.com%2Fgroups%2F14721618%3Flipi%3Durn%253Ali%253Apage%253Aemail_email_notification_single_groups_invite_01%253ByEuoZCWQRNOUMA0Nbo0Rxw%253D%253D%26midToken%3DAQEpqyehiAvtJA%26midSig%3D1HYV0puFgM8HQ1%26trk%3Deml-email_notification_single_groups_invite_01-hero_notification_cta-0-1ep%7Ecta%26trkEmail%3Deml-email_notification_single_groups_invite_01-hero_notification_cta-0-1ep%7Ecta-null-4fkx5%7Emc3d1qtc%7Egq-null-null%26eid%3D4fkx5-mc3d1qtc-gq\">LinkedIn group<\/a> to stay in touch with other alumni and prolong the AAE-experience!<\/p>\n","protected":false},"excerpt":{"rendered":"<p>&nbsp; &nbsp; Technische Universit\u00e4t Chemnitz Dr. Anja Hermann-Fankh\u00e4nel E-Mail: anja.hermann-fankhaenel@wirtschaft.tu-chemnitz.de Web: Mrs Anja Hermann-Fankh\u00e4nel at TUC Diana Heinbucher E-Mail: diana.heinbucher@wiwi.tu-chemnitz.de Web: Mrs Diana Heinbucher at TUC University of Kwazulu-Natal Mr Taahir Vajeth Phone: +27 31 260 7575 \/7002 Fax: +27 (031) 2607201 Office: Room M1-316 M Block, Durban E-Mail: vajetht@ukzn.ac.za Web: Mr Taahir Vajeth at [&hellip;]<\/p>\n","protected":false},"author":1,"featured_media":0,"parent":0,"menu_order":0,"comment_status":"closed","ping_status":"closed","template":"","meta":{"footnotes":""},"class_list":["post-43","page","type-page","status-publish","hentry"],"_links":{"self":[{"href":"https:\/\/www.tu-chemnitz.de\/wirtschaft\/summerschool\/index.php?rest_route=\/wp\/v2\/pages\/43"}],"collection":[{"href":"https:\/\/www.tu-chemnitz.de\/wirtschaft\/summerschool\/index.php?rest_route=\/wp\/v2\/pages"}],"about":[{"href":"https:\/\/www.tu-chemnitz.de\/wirtschaft\/summerschool\/index.php?rest_route=\/wp\/v2\/types\/page"}],"author":[{"embeddable":true,"href":"https:\/\/www.tu-chemnitz.de\/wirtschaft\/summerschool\/index.php?rest_route=\/wp\/v2\/users\/1"}],"replies":[{"embeddable":true,"href":"https:\/\/www.tu-chemnitz.de\/wirtschaft\/summerschool\/index.php?rest_route=%2Fwp%2Fv2%2Fcomments&post=43"}],"version-history":[{"count":59,"href":"https:\/\/www.tu-chemnitz.de\/wirtschaft\/summerschool\/index.php?rest_route=\/wp\/v2\/pages\/43\/revisions"}],"predecessor-version":[{"id":1246,"href":"https:\/\/www.tu-chemnitz.de\/wirtschaft\/summerschool\/index.php?rest_route=\/wp\/v2\/pages\/43\/revisions\/1246"}],"wp:attachment":[{"href":"https:\/\/www.tu-chemnitz.de\/wirtschaft\/summerschool\/index.php?rest_route=%2Fwp%2Fv2%2Fmedia&parent=43"}],"curies":[{"name":"wp","href":"https:\/\/api.w.org\/{rel}","templated":true}]}}