{"id":106,"date":"2014-02-05T00:31:08","date_gmt":"2014-02-04T22:31:08","guid":{"rendered":"http:\/\/www.tu-chemnitz.de\/wirtschaft\/summerschool\/?page_id=106"},"modified":"2014-02-05T00:31:08","modified_gmt":"2014-02-04T22:31:08","slug":"participants","status":"publish","type":"page","link":"https:\/\/www.tu-chemnitz.de\/wirtschaft\/summerschool\/?page_id=106","title":{"rendered":"Participants"},"content":{"rendered":"<p>The participants of the Summer and Winter School in El Paso (Texas) are:<\/p>\n<h3 id=\"Intro\">Chemnitz University of Technology<\/h3>\n<table>\n<tbody>\n<tr>\n<th align=\"left\" width=\"120px\">Name<\/th>\n<th align=\"left\" width=\"120px\">First name<\/th>\n<\/tr>\n<tr>\n<td>Obermeit, M.A.<\/td>\n<td>Tina<\/td>\n<\/tr>\n<tr>\n<td>Michaelis<\/td>\n<td>Karin<\/td>\n<\/tr>\n<tr>\n<td>R\u00f6nsch<\/td>\n<td>Kristin<\/td>\n<\/tr>\n<tr>\n<td>Koschnick<\/td>\n<td>Kati<\/td>\n<\/tr>\n<tr>\n<td>K\u00e4stner<\/td>\n<td>Janine<\/td>\n<\/tr>\n<tr>\n<td>Winkler<\/td>\n<td>Verena<\/td>\n<\/tr>\n<tr>\n<td>Sch\u00f6nherr<\/td>\n<td>Susann<\/td>\n<\/tr>\n<tr>\n<td>Hergert<\/td>\n<td>Michael<\/td>\n<\/tr>\n<tr>\n<td>Berger<\/td>\n<td>Skafi<\/td>\n<\/tr>\n<tr>\n<td>Helke<\/td>\n<td>Tina<\/td>\n<\/tr>\n<tr>\n<td>Witscha\u00df<\/td>\n<td>Martin<\/td>\n<\/tr>\n<tr>\n<td>D\u00e4beritz<\/td>\n<td>Nora<\/td>\n<\/tr>\n<tr>\n<td>Fried, Dr.<\/td>\n<td>Andrea<\/td>\n<\/tr>\n<tr>\n<td>Schulz, Dr.<\/td>\n<td>Klaus-Peter<\/td>\n<\/tr>\n<tr>\n<td>Aveytia<\/td>\n<td>Mitzel<\/td>\n<\/tr>\n<tr>\n<td>SMc Gabbey<\/td>\n<td>Michael<\/td>\n<\/tr>\n<\/tbody>\n<\/table>\n<p>For the participants of the AAE Summer School 2008 exists a mailing list: sumschool(at)tu-chemnitz.de.<\/p>\n","protected":false},"excerpt":{"rendered":"<p>The participants of the Summer and Winter School in El Paso (Texas) are: Chemnitz University of Technology Name First name Obermeit, M.A. Tina Michaelis Karin R\u00f6nsch Kristin Koschnick Kati K\u00e4stner Janine Winkler Verena Sch\u00f6nherr Susann Hergert Michael Berger Skafi Helke Tina Witscha\u00df Martin D\u00e4beritz Nora Fried, Dr. Andrea Schulz, Dr. Klaus-Peter Aveytia Mitzel SMc Gabbey [&hellip;]<\/p>\n","protected":false},"author":1,"featured_media":0,"parent":104,"menu_order":0,"comment_status":"closed","ping_status":"closed","template":"","meta":{"footnotes":""},"class_list":["post-106","page","type-page","status-publish","hentry"],"_links":{"self":[{"href":"https:\/\/www.tu-chemnitz.de\/wirtschaft\/summerschool\/index.php?rest_route=\/wp\/v2\/pages\/106"}],"collection":[{"href":"https:\/\/www.tu-chemnitz.de\/wirtschaft\/summerschool\/index.php?rest_route=\/wp\/v2\/pages"}],"about":[{"href":"https:\/\/www.tu-chemnitz.de\/wirtschaft\/summerschool\/index.php?rest_route=\/wp\/v2\/types\/page"}],"author":[{"embeddable":true,"href":"https:\/\/www.tu-chemnitz.de\/wirtschaft\/summerschool\/index.php?rest_route=\/wp\/v2\/users\/1"}],"replies":[{"embeddable":true,"href":"https:\/\/www.tu-chemnitz.de\/wirtschaft\/summerschool\/index.php?rest_route=%2Fwp%2Fv2%2Fcomments&post=106"}],"version-history":[{"count":1,"href":"https:\/\/www.tu-chemnitz.de\/wirtschaft\/summerschool\/index.php?rest_route=\/wp\/v2\/pages\/106\/revisions"}],"predecessor-version":[{"id":107,"href":"https:\/\/www.tu-chemnitz.de\/wirtschaft\/summerschool\/index.php?rest_route=\/wp\/v2\/pages\/106\/revisions\/107"}],"up":[{"embeddable":true,"href":"https:\/\/www.tu-chemnitz.de\/wirtschaft\/summerschool\/index.php?rest_route=\/wp\/v2\/pages\/104"}],"wp:attachment":[{"href":"https:\/\/www.tu-chemnitz.de\/wirtschaft\/summerschool\/index.php?rest_route=%2Fwp%2Fv2%2Fmedia&parent=106"}],"curies":[{"name":"wp","href":"https:\/\/api.w.org\/{rel}","templated":true}]}}